{"id":6,"date":"2021-02-26T17:49:04","date_gmt":"2021-02-26T20:49:04","guid":{"rendered":"http:\/\/sindmoveis.com.br\/?page_id=6"},"modified":"2025-11-04T17:11:38","modified_gmt":"2025-11-04T20:11:38","slug":"home","status":"publish","type":"page","link":"https:\/\/www.sindmoveis.com.br\/es\/","title":{"rendered":"Home"},"content":{"rendered":"<h2 style=\"text-align: center;\">Sindm\u00f3veis Bento Gon\u00e7alves: desde 1977, fomentando un escenario de desarrollo para nuestro polo y el sector del mobiliario nacional<\/h2>\n<p style=\"text-align: center;\"><a href=\"https:\/\/www.sindmoveis.com.br\/es\/sindmoveis\/\">Inf\u00f3rmese M\u00e1s<\/a><\/p>\n","protected":false},"excerpt":{"rendered":"<p>Sindm\u00f3veis Bento Gon\u00e7alves: desde 1977, fomentando un escenario de desarrollo para nuestro polo y el sector del mobiliario nacional Inf\u00f3rmese M\u00e1s<\/p>\n","protected":false},"author":1,"featured_media":0,"parent":0,"menu_order":0,"comment_status":"closed","ping_status":"closed","template":"page-home.php","meta":{"footnotes":"","_links_to":"","_links_to_target":""},"class_list":["post-6","page","type-page","status-publish","hentry"],"yoast_head":"<!-- This site is optimized with the Yoast SEO plugin v27.0 - https:\/\/yoast.com\/product\/yoast-seo-wordpress\/ -->\n<title>Sindm\u00f3veis Bento Gon\u00e7alves<\/title>\n<meta name=\"description\" content=\"Sindm\u00f3veis, ou Sindicato das Ind\u00fastrias do Mobili\u00e1rio de Bento Gon\u00e7alves, mas na verdade, um conceito muito mais amplo do que aquele que a express\u00e3o \u2013 sindicato \u2013 comportaria. E seu comprometimento com a ind\u00fastria moveleira \u00e9 ainda mais ambicioso.\" \/>\n<meta name=\"robots\" content=\"index, follow, max-snippet:-1, max-image-preview:large, max-video-preview:-1\" \/>\n<link rel=\"canonical\" href=\"https:\/\/www.sindmoveis.com.br\/es\/\" \/>\n<meta property=\"og:locale\" content=\"es_ES\" \/>\n<meta property=\"og:type\" content=\"article\" \/>\n<meta property=\"og:title\" content=\"Sindm\u00f3veis Bento Gon\u00e7alves\" \/>\n<meta property=\"og:description\" content=\"Sindm\u00f3veis, ou Sindicato das Ind\u00fastrias do Mobili\u00e1rio de Bento Gon\u00e7alves, mas na verdade, um conceito muito mais amplo do que aquele que a express\u00e3o \u2013 sindicato \u2013 comportaria. E seu comprometimento com a ind\u00fastria moveleira \u00e9 ainda mais ambicioso.\" \/>\n<meta property=\"og:url\" content=\"https:\/\/www.sindmoveis.com.br\/es\/\" \/>\n<meta property=\"og:site_name\" content=\"Sindm\u00f3veis-RS\" \/>\n<meta property=\"article:modified_time\" content=\"2025-11-04T20:11:38+00:00\" \/>\n<meta name=\"twitter:card\" content=\"summary_large_image\" \/>\n<meta name=\"twitter:label1\" content=\"Tiempo de lectura\" \/>\n\t<meta name=\"twitter:data1\" content=\"1 minuto\" \/>\n<script type=\"application\/ld+json\" class=\"yoast-schema-graph\">{\"@context\":\"https:\/\/schema.org\",\"@graph\":[{\"@type\":\"WebPage\",\"@id\":\"https:\/\/www.sindmoveis.com.br\/es\/\",\"url\":\"https:\/\/www.sindmoveis.com.br\/es\/\",\"name\":\"Sindm\u00f3veis Bento Gon\u00e7alves\",\"isPartOf\":{\"@id\":\"https:\/\/www.sindmoveis.com.br\/es\/#website\"},\"datePublished\":\"2021-02-26T20:49:04+00:00\",\"dateModified\":\"2025-11-04T20:11:38+00:00\",\"description\":\"Sindm\u00f3veis, ou Sindicato das Ind\u00fastrias do Mobili\u00e1rio de Bento Gon\u00e7alves, mas na verdade, um conceito muito mais amplo do que aquele que a express\u00e3o \u2013 sindicato \u2013 comportaria. E seu comprometimento com a ind\u00fastria moveleira \u00e9 ainda mais ambicioso.\",\"inLanguage\":\"es\",\"potentialAction\":[{\"@type\":\"ReadAction\",\"target\":[\"https:\/\/www.sindmoveis.com.br\/es\/\"]}]},{\"@type\":\"WebSite\",\"@id\":\"https:\/\/www.sindmoveis.com.br\/es\/#website\",\"url\":\"https:\/\/www.sindmoveis.com.br\/es\/\",\"name\":\"Sindm\u00f3veis-RS\",\"description\":\"\",\"potentialAction\":[{\"@type\":\"SearchAction\",\"target\":{\"@type\":\"EntryPoint\",\"urlTemplate\":\"https:\/\/www.sindmoveis.com.br\/es\/?s={search_term_string}\"},\"query-input\":{\"@type\":\"PropertyValueSpecification\",\"valueRequired\":true,\"valueName\":\"search_term_string\"}}],\"inLanguage\":\"es\"}]}<\/script>\n<!-- \/ Yoast SEO plugin. -->","yoast_head_json":{"title":"Sindm\u00f3veis Bento Gon\u00e7alves","description":"Sindm\u00f3veis, ou Sindicato das Ind\u00fastrias do Mobili\u00e1rio de Bento Gon\u00e7alves, mas na verdade, um conceito muito mais amplo do que aquele que a express\u00e3o \u2013 sindicato \u2013 comportaria. E seu comprometimento com a ind\u00fastria moveleira \u00e9 ainda mais ambicioso.","robots":{"index":"index","follow":"follow","max-snippet":"max-snippet:-1","max-image-preview":"max-image-preview:large","max-video-preview":"max-video-preview:-1"},"canonical":"https:\/\/www.sindmoveis.com.br\/es\/","og_locale":"es_ES","og_type":"article","og_title":"Sindm\u00f3veis Bento Gon\u00e7alves","og_description":"Sindm\u00f3veis, ou Sindicato das Ind\u00fastrias do Mobili\u00e1rio de Bento Gon\u00e7alves, mas na verdade, um conceito muito mais amplo do que aquele que a express\u00e3o \u2013 sindicato \u2013 comportaria. E seu comprometimento com a ind\u00fastria moveleira \u00e9 ainda mais ambicioso.","og_url":"https:\/\/www.sindmoveis.com.br\/es\/","og_site_name":"Sindm\u00f3veis-RS","article_modified_time":"2025-11-04T20:11:38+00:00","twitter_card":"summary_large_image","twitter_misc":{"Tiempo de lectura":"1 minuto"},"schema":{"@context":"https:\/\/schema.org","@graph":[{"@type":"WebPage","@id":"https:\/\/www.sindmoveis.com.br\/es\/","url":"https:\/\/www.sindmoveis.com.br\/es\/","name":"Sindm\u00f3veis Bento Gon\u00e7alves","isPartOf":{"@id":"https:\/\/www.sindmoveis.com.br\/es\/#website"},"datePublished":"2021-02-26T20:49:04+00:00","dateModified":"2025-11-04T20:11:38+00:00","description":"Sindm\u00f3veis, ou Sindicato das Ind\u00fastrias do Mobili\u00e1rio de Bento Gon\u00e7alves, mas na verdade, um conceito muito mais amplo do que aquele que a express\u00e3o \u2013 sindicato \u2013 comportaria. E seu comprometimento com a ind\u00fastria moveleira \u00e9 ainda mais ambicioso.","inLanguage":"es","potentialAction":[{"@type":"ReadAction","target":["https:\/\/www.sindmoveis.com.br\/es\/"]}]},{"@type":"WebSite","@id":"https:\/\/www.sindmoveis.com.br\/es\/#website","url":"https:\/\/www.sindmoveis.com.br\/es\/","name":"Sindm\u00f3veis-RS","description":"","potentialAction":[{"@type":"SearchAction","target":{"@type":"EntryPoint","urlTemplate":"https:\/\/www.sindmoveis.com.br\/es\/?s={search_term_string}"},"query-input":{"@type":"PropertyValueSpecification","valueRequired":true,"valueName":"search_term_string"}}],"inLanguage":"es"}]}},"_links":{"self":[{"href":"https:\/\/www.sindmoveis.com.br\/es\/wp-json\/wp\/v2\/pages\/6","targetHints":{"allow":["GET"]}}],"collection":[{"href":"https:\/\/www.sindmoveis.com.br\/es\/wp-json\/wp\/v2\/pages"}],"about":[{"href":"https:\/\/www.sindmoveis.com.br\/es\/wp-json\/wp\/v2\/types\/page"}],"author":[{"embeddable":true,"href":"https:\/\/www.sindmoveis.com.br\/es\/wp-json\/wp\/v2\/users\/1"}],"replies":[{"embeddable":true,"href":"https:\/\/www.sindmoveis.com.br\/es\/wp-json\/wp\/v2\/comments?post=6"}],"version-history":[{"count":5,"href":"https:\/\/www.sindmoveis.com.br\/es\/wp-json\/wp\/v2\/pages\/6\/revisions"}],"predecessor-version":[{"id":3906,"href":"https:\/\/www.sindmoveis.com.br\/es\/wp-json\/wp\/v2\/pages\/6\/revisions\/3906"}],"wp:attachment":[{"href":"https:\/\/www.sindmoveis.com.br\/es\/wp-json\/wp\/v2\/media?parent=6"}],"curies":[{"name":"wp","href":"https:\/\/api.w.org\/{rel}","templated":true}]}}